{"id":3,"date":"2025-07-09T02:41:21","date_gmt":"2025-07-09T02:41:21","guid":{"rendered":"https:\/\/def.com.vn\/?page_id=3"},"modified":"2025-07-17T03:39:07","modified_gmt":"2025-07-17T03:39:07","slug":"chinh-sach-bao-mat","status":"publish","type":"page","link":"https:\/\/def.com.vn\/index.php\/chinh-sach-bao-mat\/","title":{"rendered":"Ch\u00ednh s\u00e1ch b\u1ea3o m\u1eadt th\u00f4ng tin"},"content":{"rendered":"\n<h2 class=\"wp-block-heading\"><strong>1. M\u1ee4C TI\u00caU CH\u00cdNH S\u00c1CH<\/strong><\/h2>\n\n\n\n<p>Dream E-Fulfillment lu\u00f4n coi tr\u1ecdng vi\u1ec7c b\u1ea3o v\u1ec7 th\u00f4ng tin c\u00e1 nh\u00e2n v\u00e0 d\u1eef li\u1ec7u kinh doanh c\u1ee7a kh\u00e1ch h\u00e0ng. Ch\u00ednh s\u00e1ch n\u00e0y \u0111\u01b0\u1ee3c x\u00e2y d\u1ef1ng nh\u1eb1m th\u1ec3 hi\u1ec7n cam k\u1ebft b\u1ea3o m\u1eadt tuy\u1ec7t \u0111\u1ed1i c\u00e1c th\u00f4ng tin m\u00e0 kh\u00e1ch h\u00e0ng \u0111\u00e3 tin t\u01b0\u1edfng cung c\u1ea5p, \u0111\u1ed3ng th\u1eddi tu\u00e2n th\u1ee7 c\u00e1c quy \u0111\u1ecbnh ph\u00e1p lu\u1eadt v\u1ec1 b\u1ea3o v\u1ec7 th\u00f4ng tin c\u00e1 nh\u00e2n t\u1ea1i Vi\u1ec7t Nam v\u00e0 qu\u1ed1c t\u1ebf (n\u1ebfu \u00e1p d\u1ee5ng).<\/p>\n\n\n\n<h2 class=\"wp-block-heading\"><strong>2. PH\u1ea0M VI \u00c1P D\u1ee4NG<\/strong><\/h2>\n\n\n\n<p>Ch\u00ednh s\u00e1ch b\u1ea3o m\u1eadt n\u00e0y \u00e1p d\u1ee5ng cho to\u00e0n b\u1ed9 kh\u00e1ch h\u00e0ng, \u0111\u1ed1i t\u00e1c, nh\u00e0 cung c\u1ea5p v\u00e0 ng\u01b0\u1eddi s\u1eed d\u1ee5ng d\u1ecbch v\u1ee5 c\u1ee7a Dream E-Fulfillment, bao g\u1ed3m nh\u01b0ng kh\u00f4ng gi\u1edbi h\u1ea1n:<\/p>\n\n\n\n<ul class=\"wp-block-list\">\n<li>Kh\u00e1ch h\u00e0ng \u0111ang s\u1eed d\u1ee5ng d\u1ecbch v\u1ee5 fulfillment trong n\u01b0\u1edbc v\u00e0 qu\u1ed1c t\u1ebf (v\u00ed d\u1ee5: Epacket USA).<\/li>\n\n\n\n<li>Ng\u01b0\u1eddi d\u00f9ng truy c\u1eadp v\u00e0o website, h\u1ec7 th\u1ed1ng qu\u1ea3n l\u00fd kho, ph\u1ea7n m\u1ec1m theo d\u00f5i \u0111\u01a1n h\u00e0ng c\u1ee7a Dream E-Fulfillment.<\/li>\n\n\n\n<li>Nh\u00e2n s\u1ef1 n\u1ed9i b\u1ed9 c\u00f3 quy\u1ec1n truy c\u1eadp d\u1eef li\u1ec7u kh\u00e1ch h\u00e0ng.<br><\/li>\n<\/ul>\n\n\n\n<h2 class=\"wp-block-heading\"><strong>3. TH\u00d4NG TIN CH\u00daNG T\u00d4I THU TH\u1eacP<\/strong><\/h2>\n\n\n\n<h3 class=\"wp-block-heading\"><strong>a. Th\u00f4ng tin c\u00e1 nh\u00e2n:<\/strong><\/h3>\n\n\n\n<ul class=\"wp-block-list\">\n<li>H\u1ecd t\u00ean, s\u1ed1 \u0111i\u1ec7n tho\u1ea1i, \u0111\u1ecba ch\u1ec9 email, \u0111\u1ecba ch\u1ec9 kho\/giao nh\u1eadn<\/li>\n\n\n\n<li>Gi\u1ea5y t\u1edd x\u00e1c th\u1ef1c (CMND\/CCCD\/GPKD n\u1ebfu c\u1ea7n \u0111\u1ed1i so\u00e1t ph\u00e1p l\u00fd)<br><\/li>\n<\/ul>\n\n\n\n<h3 class=\"wp-block-heading\"><strong>b. Th\u00f4ng tin kinh doanh:<\/strong><\/h3>\n\n\n\n<ul class=\"wp-block-list\">\n<li>T\u00ean shop, n\u1ec1n t\u1ea3ng kinh doanh (Shopee, Lazada, TikTok, Amazon, v.v)<\/li>\n\n\n\n<li>Th\u00f4ng tin s\u1ea3n ph\u1ea9m: m\u00e3 h\u00e0ng, t\u1ed3n kho, chi ti\u1ebft h\u00e0ng h\u00f3a<\/li>\n\n\n\n<li>D\u1eef li\u1ec7u \u0111\u01a1n h\u00e0ng: m\u00e3 \u0111\u01a1n, ng\u01b0\u1eddi nh\u1eadn, tr\u1ea1ng th\u00e1i giao nh\u1eadn, ho\u00e0n h\u00e0ng<br><\/li>\n<\/ul>\n\n\n\n<h3 class=\"wp-block-heading\"><strong>c. Th\u00f4ng tin k\u1ef9 thu\u1eadt:<\/strong><\/h3>\n\n\n\n<ul class=\"wp-block-list\">\n<li>\u0110\u1ecba ch\u1ec9 IP, lo\u1ea1i thi\u1ebft b\u1ecb, cookie tr\u00ecnh duy\u1ec7t<\/li>\n<\/ul>\n\n\n\n<ul class=\"wp-block-list\">\n<li>L\u1ecbch s\u1eed truy c\u1eadp website ho\u1eb7c ph\u1ea7n m\u1ec1m qu\u1ea3n l\u00fd c\u1ee7a Dream<\/li>\n<\/ul>\n\n\n\n<p><\/p>\n\n\n\n<h2 class=\"wp-block-heading\"><strong>4. M\u1ee4C \u0110\u00cdCH S\u1eec D\u1ee4NG TH\u00d4NG TIN<\/strong><\/h2>\n\n\n\n<p>Th\u00f4ng tin \u0111\u01b0\u1ee3c s\u1eed d\u1ee5ng nh\u1eb1m:<\/p>\n\n\n\n<div class=\"wp-block-group\"><div class=\"wp-block-group__inner-container is-layout-constrained wp-block-group-is-layout-constrained\">\n<ul class=\"wp-block-list\">\n<li>V\u1eadn h\u00e0nh quy tr\u00ecnh nh\u1eadn \u2013 l\u01b0u \u2013 \u0111\u00f3ng \u2013 giao \u2013 ho\u00e0n h\u00e0ng ch\u00ednh x\u00e1c, hi\u1ec7u qu\u1ea3.<\/li>\n\n\n\n<li>Cung c\u1ea5p c\u00e1c b\u00e1o c\u00e1o v\u1eadn h\u00e0nh v\u00e0 h\u1ed7 tr\u1ee3 qu\u1ea3n l\u00fd kho cho kh\u00e1ch h\u00e0ng.<\/li>\n\n\n\n<li>Li\u00ean h\u1ec7 ch\u0103m s\u00f3c kh\u00e1ch h\u00e0ng, x\u1eed l\u00fd s\u1ef1 c\u1ed1, b\u1ea3o h\u00e0nh v\u00e0 ho\u00e0n h\u00e0ng.<\/li>\n\n\n\n<li>C\u1ea3i ti\u1ebfn d\u1ecbch v\u1ee5, x\u00e2y d\u1ef1ng b\u00e1o c\u00e1o ph\u00e2n t\u00edch, d\u1ef1 \u0111o\u00e1n t\u1ed3n kho.<\/li>\n<\/ul>\n\n\n\n<ul class=\"wp-block-list\">\n<li>Ph\u00f2ng tr\u00e1nh h\u00e0nh vi gian l\u1eadn, l\u1ea1m d\u1ee5ng h\u1ec7 th\u1ed1ng ho\u1eb7c sai ph\u1ea1m ph\u00e1p l\u00fd.<\/li>\n<\/ul>\n<\/div><\/div>\n\n\n\n<p><\/p>\n\n\n\n<h2 class=\"wp-block-heading\"><strong>5. PH\u01af\u01a0NG TH\u1ee8C B\u1ea2O M\u1eacT<\/strong><\/h2>\n\n\n\n<p>Dream E-Fulfillment \u00e1p d\u1ee5ng c\u00e1c bi\u1ec7n ph\u00e1p b\u1ea3o m\u1eadt ti\u00ean ti\u1ebfn:<\/p>\n\n\n\n<ul class=\"wp-block-list\">\n<li>M\u00e3 h\u00f3a d\u1eef li\u1ec7u theo chu\u1ea9n SHA ho\u1eb7c SSL.<\/li>\n\n\n\n<li>H\u1ec7 th\u1ed1ng l\u01b0u tr\u1eef n\u1ed9i b\u1ed9 gi\u1edbi h\u1ea1n quy\u1ec1n truy c\u1eadp theo c\u1ea5p.<\/li>\n\n\n\n<li>Ph\u00e2n quy\u1ec1n r\u00f5 r\u00e0ng v\u1edbi nh\u00e2n s\u1ef1, c\u00f3 nh\u1eadt k\u00fd truy c\u1eadp &amp; gi\u00e1m s\u00e1t.<\/li>\n\n\n\n<li>Camera 24\/24, barcode ki\u1ec3m so\u00e1t h\u00e0ng h\u00f3a truy xu\u1ea5t \u0111\u1ea7y \u0111\u1ee7.<br><\/li>\n<\/ul>\n\n\n\n<h2 class=\"wp-block-heading\"><strong>6. CAM K\u1ebeT KH\u00d4NG CHIA S\u1eba D\u1eee LI\u1ec6U<\/strong><\/h2>\n\n\n\n<p>Ch\u00fang t\u00f4i <strong>kh\u00f4ng chia s\u1ebb, chuy\u1ec3n nh\u01b0\u1ee3ng, b\u00e1n ho\u1eb7c cung c\u1ea5p th\u00f4ng tin<\/strong> kh\u00e1ch h\u00e0ng cho b\u00ean th\u1ee9 ba n\u1ebfu kh\u00f4ng c\u00f3:<\/p>\n\n\n\n<ul class=\"wp-block-list\">\n<li>S\u1ef1 cho ph\u00e9p b\u1eb1ng v\u0103n b\u1ea3n c\u1ee7a kh\u00e1ch h\u00e0ng.<\/li>\n<\/ul>\n\n\n\n<ul class=\"wp-block-list\">\n<li>Y\u00eau c\u1ea7u t\u1eeb c\u01a1 quan ch\u1ee9c n\u0103ng h\u1ee3p ph\u00e1p.<\/li>\n<\/ul>\n\n\n\n<ul class=\"wp-block-list\">\n<li>\u0110i\u1ec1u ki\u1ec7n r\u00e0ng bu\u1ed9c trong h\u1ee3p \u0111\u1ed3ng c\u00f3 hi\u1ec7u l\u1ef1c.<\/li>\n<\/ul>\n\n\n\n<p><\/p>\n\n\n\n<h2 class=\"wp-block-heading\"><strong>7. TH\u1edcI GIAN L\u01afU TR\u1eee D\u1eee LI\u1ec6U<\/strong><\/h2>\n\n\n\n<ul class=\"wp-block-list\">\n<li>D\u1eef li\u1ec7u kh\u00e1ch h\u00e0ng \u0111\u01b0\u1ee3c l\u01b0u tr\u1eef trong su\u1ed1t th\u1eddi gian s\u1eed d\u1ee5ng d\u1ecbch v\u1ee5.<\/li>\n\n\n\n<li>Sau khi ch\u1ea5m d\u1ee9t h\u1ee3p t\u00e1c, d\u1eef li\u1ec7u s\u1ebd \u0111\u01b0\u1ee3c l\u01b0u trong <strong>t\u1ed1i \u0111a 12 th\u00e1ng<\/strong> \u0111\u1ec3 \u0111\u1ea3m b\u1ea3o kh\u1ea3 n\u0103ng truy v\u1ebft v\u00e0 gi\u1ea3i quy\u1ebft h\u1eadu m\u00e3i.<\/li>\n<\/ul>\n\n\n\n<ul class=\"wp-block-list\">\n<li>Sau th\u1eddi gian tr\u00ean, d\u1eef li\u1ec7u s\u1ebd \u0111\u01b0\u1ee3c <strong>x\u00f3a v\u0129nh vi\u1ec5n kh\u1ecfi h\u1ec7 th\u1ed1ng<\/strong>.<\/li>\n<\/ul>\n\n\n\n<p><\/p>\n\n\n\n<h2 class=\"wp-block-heading\"><strong>8. QUY\u1ec0N V\u00c0 TR\u00c1CH NHI\u1ec6M C\u1ee6A KH\u00c1CH H\u00c0NG<\/strong><\/h2>\n\n\n\n<p>Kh\u00e1ch h\u00e0ng c\u00f3 quy\u1ec1n:<\/p>\n\n\n\n<ul class=\"wp-block-list\">\n<li>Y\u00eau c\u1ea7u truy c\u1eadp, ch\u1ec9nh s\u1eeda ho\u1eb7c x\u00f3a th\u00f4ng tin c\u00e1 nh\u00e2n.<\/li>\n\n\n\n<li>Khi\u1ebfu n\u1ea1i n\u1ebfu ph\u00e1t hi\u1ec7n d\u1eef li\u1ec7u b\u1ecb s\u1eed d\u1ee5ng tr\u00e1i ph\u00e9p.<\/li>\n\n\n\n<li>\u0110\u01b0\u1ee3c gi\u1ea3i th\u00edch r\u00f5 r\u00e0ng v\u1ec1 quy tr\u00ecnh s\u1eed d\u1ee5ng th\u00f4ng tin.<\/li>\n<\/ul>\n\n\n\n<p>Kh\u00e1ch h\u00e0ng c\u00f3 tr\u00e1ch nhi\u1ec7m:<\/p>\n\n\n\n<ul class=\"wp-block-list\">\n<li>Cung c\u1ea5p th\u00f4ng tin trung th\u1ef1c, ch\u00ednh x\u00e1c.<\/li>\n\n\n\n<li>B\u1ea3o m\u1eadt t\u00e0i kho\u1ea3n truy c\u1eadp h\u1ec7 th\u1ed1ng do Dream E-Fulfillment cung c\u1ea5p.<\/li>\n<\/ul>\n\n\n\n<ul class=\"wp-block-list\">\n<li>Th\u00f4ng b\u00e1o ngay n\u1ebfu ph\u00e1t hi\u1ec7n r\u00f2 r\u1ec9 ho\u1eb7c nghi ng\u1edd sai ph\u1ea1m.<\/li>\n<\/ul>\n\n\n\n<p><\/p>\n\n\n\n<h2 class=\"wp-block-heading\"><strong>9. TH\u00d4NG TIN LI\u00caN H\u1ec6<\/strong><\/h2>\n\n\n\n<p>M\u1ecdi th\u1eafc m\u1eafc, y\u00eau c\u1ea7u ho\u1eb7c khi\u1ebfu n\u1ea1i li\u00ean quan \u0111\u1ebfn ch\u00ednh s\u00e1ch b\u1ea3o m\u1eadt xin g\u1eedi v\u1ec1:<\/p>\n\n\n\n<p><strong>C\u00d4NG TY TNHH DREAM E-FULFILLMENT<\/strong><strong><br><\/strong> \ud83d\udccd V\u0103n ph\u00f2ng: N02-T3 Ngo\u1ea1i Giao \u0110o\u00e0n, P. Xu\u00e2n \u0110\u1ec9nh, H\u00e0 N\u1ed9i<br>\ud83d\udce6 Kho: \u0110\u01b0\u1eddng s\u1ed1 3, QL B\u1eafc Th\u0103ng Long \u2013 N\u1ed9i B\u00e0i, x\u00e3 Thi\u00ean L\u1ed9c, H\u00e0 N\u1ed9i<br>\ud83d\udcde Hotline: 096.554.4444 \u2013 097.116.8686<br>\ud83d\udce7 Email: dreame.ffm@gmail.com<br>\ud83c\udf10 Website:<a href=\"https:\/\/def.com.vn\"> https:\/\/def.com.vn<\/a><\/p>\n\n\n\n<p><\/p>\n","protected":false},"excerpt":{"rendered":"<p>1. M\u1ee4C TI\u00caU CH\u00cdNH S\u00c1CH Dream E-Fulfillment lu\u00f4n coi tr\u1ecdng vi\u1ec7c b\u1ea3o v\u1ec7 th\u00f4ng tin c\u00e1 nh\u00e2n v\u00e0 d\u1eef li\u1ec7u kinh doanh c\u1ee7a kh\u00e1ch h\u00e0ng. Ch\u00ednh s\u00e1ch n\u00e0y \u0111\u01b0\u1ee3c x\u00e2y d\u1ef1ng nh\u1eb1m th\u1ec3 hi\u1ec7n cam k\u1ebft b\u1ea3o m\u1eadt tuy\u1ec7t \u0111\u1ed1i c\u00e1c th\u00f4ng tin m\u00e0 kh\u00e1ch h\u00e0ng \u0111\u00e3 tin t\u01b0\u1edfng cung c\u1ea5p, \u0111\u1ed3ng th\u1eddi tu\u00e2n th\u1ee7 [&hellip;]<\/p>\n","protected":false},"author":1,"featured_media":0,"parent":0,"menu_order":0,"comment_status":"closed","ping_status":"open","template":"","meta":{"footnotes":""},"class_list":["post-3","page","type-page","status-publish","hentry"],"_links":{"self":[{"href":"https:\/\/def.com.vn\/index.php\/wp-json\/wp\/v2\/pages\/3","targetHints":{"allow":["GET"]}}],"collection":[{"href":"https:\/\/def.com.vn\/index.php\/wp-json\/wp\/v2\/pages"}],"about":[{"href":"https:\/\/def.com.vn\/index.php\/wp-json\/wp\/v2\/types\/page"}],"author":[{"embeddable":true,"href":"https:\/\/def.com.vn\/index.php\/wp-json\/wp\/v2\/users\/1"}],"replies":[{"embeddable":true,"href":"https:\/\/def.com.vn\/index.php\/wp-json\/wp\/v2\/comments?post=3"}],"version-history":[{"count":2,"href":"https:\/\/def.com.vn\/index.php\/wp-json\/wp\/v2\/pages\/3\/revisions"}],"predecessor-version":[{"id":12369,"href":"https:\/\/def.com.vn\/index.php\/wp-json\/wp\/v2\/pages\/3\/revisions\/12369"}],"wp:attachment":[{"href":"https:\/\/def.com.vn\/index.php\/wp-json\/wp\/v2\/media?parent=3"}],"curies":[{"name":"wp","href":"https:\/\/api.w.org\/{rel}","templated":true}]}}