{"id":25,"date":"2024-10-17T03:57:53","date_gmt":"2024-10-17T03:57:53","guid":{"rendered":"https:\/\/www.radiustheme.com\/demo\/wordpress\/themes\/kariez\/?page_id=25"},"modified":"2025-08-28T03:20:48","modified_gmt":"2025-08-28T03:20:48","slug":"lien-he","status":"publish","type":"page","link":"https:\/\/def.com.vn\/index.php\/lien-he\/","title":{"rendered":"Li\u00ean h\u1ec7"},"content":{"rendered":"\t\t<div data-elementor-type=\"wp-page\" data-elementor-id=\"25\" class=\"elementor elementor-25\">\n\t\t\t\t<div class=\"elementor-element elementor-element-bdd8a4f e-flex e-con-boxed rt-parallax-bg-no e-con e-parent\" data-id=\"bdd8a4f\" data-element_type=\"container\" data-settings=\"{&quot;background_background&quot;:&quot;classic&quot;}\">\n\t\t\t\t\t<div class=\"e-con-inner\">\n\t\t<div class=\"elementor-element elementor-element-97cbc98 e-con-full e-flex rt-parallax-bg-no e-con e-child\" data-id=\"97cbc98\" data-element_type=\"container\" data-settings=\"{&quot;background_background&quot;:&quot;classic&quot;}\">\n\t\t<div class=\"elementor-element elementor-element-71dad45 e-con-full e-flex rt-parallax-bg-no e-con e-child\" data-id=\"71dad45\" data-element_type=\"container\" data-settings=\"{&quot;background_background&quot;:&quot;classic&quot;}\">\n\t\t<div class=\"elementor-element elementor-element-0fb5f19 e-con-full e-flex rt-parallax-bg-no e-con e-child\" data-id=\"0fb5f19\" data-element_type=\"container\">\n\t\t\t\t<div class=\"elementor-element elementor-element-90fc7cd elementor-invisible elementor-widget elementor-widget-rt-contact-info\" data-id=\"90fc7cd\" data-element_type=\"widget\" data-widget_type=\"rt-contact-info.default\">\n\t\t\t\t<div class=\"elementor-widget-container\">\n\t\t\t\t\t\r\n\r\n<div class=\"rt-contact-info wow-off fadeInUp\" data-wow-delay=\"200ms\" data-wow-duration=\"1200ms\">\r\n    <div class=\"content-holder\">\r\n                    <h3 class=\"info-title\">Th\u00f4ng tin li\u00ean h\u1ec7<\/h3>\r\n                        <ul class=\"contact-list list-vertical\">\r\n            \r\n            <li class=\"list \">\r\n                                                            <i aria-hidden=\"true\" class=\" icon-mail\"><\/i>                                                                                <a href=\"mailto:support@def.com.vn\">support@def.com.vn<\/a>\r\n                            <\/li>\r\n            \r\n            <li class=\"list \">\r\n                                                            <i aria-hidden=\"true\" class=\" icon-map-pin\"><\/i>                                                                                V\u0103n ph\u00f2ng: N02-t3 Ngoa\u0323i Giao \u0110oa\u0300n - Ph\u01b0\u01a1\u0300ng Xu\u00e2n \u0110i\u0309nh - TP Ha\u0300 N\u00f4\u0323i                            <\/li>\r\n            \r\n            <li class=\"list \">\r\n                                                            <i aria-hidden=\"true\" class=\" icon-map-pin\"><\/i>                                                                                Kho: \u0110\u01b0\u01a1\u0300ng s\u00f4\u0301 3 - Qu\u00f4\u0301c L\u00f4\u0323 B\u0103\u0301c Th\u0103ng long - N\u00f4\u0323i Ba\u0300i - Xa\u0303 Thi\u00ean L\u00f4\u0323c - TP Ha\u0300 N\u00f4\u0323i                            <\/li>\r\n            \r\n            <li class=\"list phone-no\">\r\n                                                            <i aria-hidden=\"true\" class=\" icon-phone\"><\/i>                                                                                <a href=\"tel:097 116 8686\">097 116 8686<\/a>\r\n                            <\/li>\r\n                    <\/ul>\r\n    <\/div>\r\n<\/div>\t\t\t\t<\/div>\n\t\t\t\t<\/div>\n\t\t\t\t<\/div>\n\t\t<div class=\"elementor-element elementor-element-4aefe71 e-con-full rt-contact-form e-flex rt-parallax-bg-no e-con e-child\" data-id=\"4aefe71\" data-element_type=\"container\">\n\t\t\t\t<div class=\"elementor-element elementor-element-d196a83 fluentform-widget-submit-button-custom elementor-widget elementor-widget-fluent-form-widget\" data-id=\"d196a83\" data-element_type=\"widget\" data-widget_type=\"fluent-form-widget.default\">\n\t\t\t\t<div class=\"elementor-widget-container\">\n\t\t\t\t\t\n            <div class=\"fluentform-widget-wrapper fluentform-widget-align-default\">\n\n                            <div class=\"fluentform-widget-heading\">\n                                        <h3 class=\"fluentform-widget-title\">\n                        L\u1eddi nh\u1eafn t\u1edbi ch\u00fang t\u00f4i                    <\/h3>\n                                                            <p class=\"fluentform-widget-description\">\n                        B\u1ea1n c\u00f3 b\u1ea5t k\u00ec th\u1eafc ho\u1eb7c g\u00f3p \u00fd, h\u00e3y \u0111\u1ec3 l\u1ea1i m\u1ed9t l\u1eddi nh\u1eafn cho ch\u00fang t\u00f4i. \u0110\u1ed9i ng\u0169 h\u1ed7 tr\u1ee3 c\u1ee7a <b>DEF<\/b> s\u1ebd li\u00ean h\u1ec7 t\u1edbi b\u1ea1n s\u1edbm nh\u1ea5t.                    <\/p>\n                                    <\/div>\n            \n            <div class='fluentform ff-default fluentform_wrapper_6 ffs_default_wrap'><form data-form_id=\"6\" id=\"fluentform_6\" class=\"frm-fluent-form fluent_form_6 ff-el-form-top ff_form_instance_6_1 ff-form-loading ffs_default\" data-form_instance=\"ff_form_instance_6_1\" method=\"POST\" ><fieldset  style=\"border: none!important;margin: 0!important;padding: 0!important;background-color: transparent!important;box-shadow: none!important;outline: none!important; min-inline-size: 100%;\">\n                    <legend class=\"ff_screen_reader_title\" style=\"display: block; margin: 0!important;padding: 0!important;height: 0!important;text-indent: -999999px;width: 0!important;overflow:hidden;\">Contact Form 02<\/legend><input type='hidden' name='__fluent_form_embded_post_id' value='25' \/><input type=\"hidden\" id=\"_fluentform_6_fluentformnonce\" name=\"_fluentform_6_fluentformnonce\" value=\"1454d81061\" \/><input type=\"hidden\" name=\"_wp_http_referer\" value=\"\/index.php\/wp-json\/wp\/v2\/pages\/25\" \/><div data-name=\"ff_cn_id_1\"  class='ff-t-container ff-column-container ff_columns_total_2  '><div class='ff-t-cell ff-t-column-1' style='flex-basis: 50%;'><div class='ff-el-group'><div class='ff-el-input--content'><input type=\"text\" name=\"input_text_1\" class=\"ff-el-form-control\" placeholder=\"H\u1ecd v\u00e0 t\u00ean\" data-name=\"input_text_1\" id=\"ff_6_input_text_1\"  aria-invalid=\"false\" aria-required=true><\/div><\/div><\/div><div class='ff-t-cell ff-t-column-2' style='flex-basis: 50%;'><div class='ff-el-group'><div class='ff-el-input--content'><input type=\"text\" name=\"input_text\" class=\"ff-el-form-control\" placeholder=\"S\u1ed1 \u0111i\u1ec7n tho\u1ea1i\" data-name=\"input_text\" id=\"ff_6_input_text\"  aria-invalid=\"false\" aria-required=true><\/div><\/div><\/div><\/div><div class='ff-el-group'><div class='ff-el-input--content'><input type=\"email\" name=\"email\" id=\"ff_6_email\" class=\"ff-el-form-control\" placeholder=\"\u0111\u1ecba ch\u1ec9 email\" data-name=\"email\"  aria-invalid=\"false\" aria-required=true><\/div><\/div><div class='ff-el-group'><div class='ff-el-input--content'><textarea aria-invalid=\"false\" aria-required=true name=\"description\" id=\"ff_6_description\" class=\"ff-el-form-control\" placeholder=\"N\u1ed9i dung th\u00f4ng \u0111i\u1ec7p\" rows=\"3\" cols=\"2\" data-name=\"description\" ><\/textarea><\/div><\/div><div class='ff-el-group ff-text-left ff_submit_btn_wrapper'><button type=\"submit\" class=\"ff-btn ff-btn-submit ff-btn-md ff_btn_style\" >G\u1eedi <i class=\"icon-send\"><\/i><\/button><\/div><\/fieldset><\/form><div id='fluentform_6_errors' class='ff-errors-in-stack ff_form_instance_6_1 ff-form-loading_errors ff_form_instance_6_1_errors'><\/div><\/div>        <script type=\"text\/javascript\">\n            window.fluent_form_ff_form_instance_6_1 = {\"id\":\"6\",\"settings\":{\"layout\":{\"labelPlacement\":\"top\",\"helpMessagePlacement\":\"with_label\",\"errorMessagePlacement\":\"inline\",\"cssClassName\":\"\",\"asteriskPlacement\":\"asterisk-right\"},\"restrictions\":{\"denyEmptySubmission\":{\"enabled\":false}}},\"form_instance\":\"ff_form_instance_6_1\",\"form_id_selector\":\"fluentform_6\",\"rules\":{\"input_text_1\":{\"required\":{\"value\":true,\"message\":\"Tr\\u01b0\\u1eddng d\\u1eef li\\u1ec7u b\\u1eaft bu\\u1ed9c nh\\u1eadp.\",\"global_message\":\"This field is required\",\"global\":false}},\"input_text\":{\"required\":{\"value\":true,\"message\":\"Tr\\u01b0\\u1eddng d\\u1eef li\\u1ec7u b\\u1eaft bu\\u1ed9c nh\\u1eadp.\",\"global_message\":\"This field is required\",\"global\":false}},\"email\":{\"required\":{\"value\":true,\"message\":\"Tr\\u01b0\\u1eddng d\\u1eef li\\u1ec7u b\\u1eaft bu\\u1ed9c nh\\u1eadp.\",\"global_message\":\"This field is required\",\"global\":false},\"email\":{\"value\":true,\"message\":\"Email kh\\u00f4ng \\u0111\\u00fang.\",\"global_message\":\"This field must contain a valid email\",\"global\":false}},\"description\":{\"required\":{\"value\":true,\"message\":\"H\\u00e3y \\u0111\\u1ec3 l\\u1ea1i l\\u1eddi nh\\u1eafn\",\"global_message\":\"This field is required\",\"global\":false}}},\"debounce_time\":300};\n                    <\/script>\n                    <\/div>\n\n            \t\t\t\t<\/div>\n\t\t\t\t<\/div>\n\t\t\t\t<\/div>\n\t\t\t\t<\/div>\n\t\t\t\t<\/div>\n\t\t\t\t\t<\/div>\n\t\t\t\t<\/div>\n\t\t\t\t<\/div>\n\t\t","protected":false},"excerpt":{"rendered":"<p>Th\u00f4ng tin li\u00ean h\u1ec7 support@def.com.vn V\u0103n ph\u00f2ng: N02-t3 Ngoa\u0323i Giao \u0110oa\u0300n &#8211; Ph\u01b0\u01a1\u0300ng Xu\u00e2n \u0110i\u0309nh &#8211; TP Ha\u0300 N\u00f4\u0323i Kho: \u0110\u01b0\u01a1\u0300ng s\u00f4\u0301 3 &#8211; Qu\u00f4\u0301c L\u00f4\u0323 B\u0103\u0301c Th\u0103ng long &#8211; N\u00f4\u0323i Ba\u0300i &#8211; Xa\u0303 Thi\u00ean L\u00f4\u0323c &#8211; TP Ha\u0300 N\u00f4\u0323i 097 116 8686 L\u1eddi nh\u1eafn t\u1edbi ch\u00fang t\u00f4i B\u1ea1n c\u00f3 b\u1ea5t k\u00ec th\u1eafc ho\u1eb7c g\u00f3p [&hellip;]<\/p>\n","protected":false},"author":1,"featured_media":0,"parent":0,"menu_order":0,"comment_status":"closed","ping_status":"closed","template":"elementor_header_footer","meta":{"footnotes":""},"class_list":["post-25","page","type-page","status-publish","hentry"],"_links":{"self":[{"href":"https:\/\/def.com.vn\/index.php\/wp-json\/wp\/v2\/pages\/25","targetHints":{"allow":["GET"]}}],"collection":[{"href":"https:\/\/def.com.vn\/index.php\/wp-json\/wp\/v2\/pages"}],"about":[{"href":"https:\/\/def.com.vn\/index.php\/wp-json\/wp\/v2\/types\/page"}],"author":[{"embeddable":true,"href":"https:\/\/def.com.vn\/index.php\/wp-json\/wp\/v2\/users\/1"}],"replies":[{"embeddable":true,"href":"https:\/\/def.com.vn\/index.php\/wp-json\/wp\/v2\/comments?post=25"}],"version-history":[{"count":13,"href":"https:\/\/def.com.vn\/index.php\/wp-json\/wp\/v2\/pages\/25\/revisions"}],"predecessor-version":[{"id":12536,"href":"https:\/\/def.com.vn\/index.php\/wp-json\/wp\/v2\/pages\/25\/revisions\/12536"}],"wp:attachment":[{"href":"https:\/\/def.com.vn\/index.php\/wp-json\/wp\/v2\/media?parent=25"}],"curies":[{"name":"wp","href":"https:\/\/api.w.org\/{rel}","templated":true}]}}